{"id":858,"date":"2021-05-02T20:29:08","date_gmt":"2021-05-02T18:29:08","guid":{"rendered":"http:\/\/denicey.com\/?page_id=858"},"modified":"2022-07-17T16:23:57","modified_gmt":"2022-07-17T14:23:57","slug":"la-champagne","status":"publish","type":"page","link":"https:\/\/denicey.com\/en\/hotel\/la-champagne\/","title":{"rendered":"La Champagne, near the river Seine"},"content":{"rendered":"<h2 style=\"text-align: center;\">Champagne, near the river Seine&#8230;<br \/>\nto discover by cycling, horse riding, on water or in walking<\/h2>\n<p>All occasions are good to discover the Champagne, near the riverr Seine and our home, profesionnal or come to visit the Champagne district with friends or with your love ! Winegrower and their champagne, heritage, events&#8230;come and breath la Champagne !<\/p>\n<p>A stop for your work or just to take opportunity to visit Champagne, near the river Seine, enjoy to ressource you during your stay in the\u00a0<span style=\"color: #3366ff;\"><a style=\"color: #3366ff;\" href=\"http:\/\/denicey.net\/hotel-spa-nicey\/\" target=\"_blank\" rel=\"noopener\"> Nicey &#8211; h\u00f4tel spa<\/a><\/span>\u00a0 or discover our local producer or meet them during our event in the <a href=\"http:\/\/denicey.net\/lounge\/\" target=\"_blank\" rel=\"noopener\"><span style=\"color: #3366ff;\">Nicey Lounge<\/span><\/a>.<\/p>\n<p>Have a break in Champagne during the week, it will be quiet to visit our small villages in Champagne, near the river Seine, to discover the winegrower from Coteaux du S\u00e9zannais who will share their secrets.<\/p>\n<p>Enjoy to mix to work in telework and to relaxe to discover our beautiful Champagne. With our <a href=\"http:\/\/denicey.net\/coworking\/\" target=\"_blank\" rel=\"noopener\"><span style=\"color: #3366ff;\">Coworking space<\/span><\/a>, telework in peaceful and ligtness space and also ressource you in our spa or enjoy to ride in the Champagne, near the river Seine.<\/p>\n<p>Laurence will help you or can organize your day to visit the monuments with a guide, or to have a tasting in our local champagne\u00a0 winegrower, or ride in the champagne contryside. Let&#8217;us know what you expected and she&#8217;ll give us our best adress ! Enjoy .<\/p>\n<p>Our treasure&#8230;but the best it&#8217;s to come to visit them &#8230;.so see you soon in Champagne, near the river Seine<\/p>\n<p>&nbsp;<\/p>\n<h3 style=\"text-align: center;\">Our heritage to discover !<\/h3>\n<div id='gallery-1' class='gallery galleryid-858 gallery-columns-3 gallery-size-thumbnail'><figure class='gallery-item'>\n\t\t\t<div class='gallery-icon portrait'>\n\t\t\t\t<a href='https:\/\/denicey.com\/wp-content\/uploads\/2021\/05\/vitraux-joel-mone.jpg'><img decoding=\"async\" width=\"150\" height=\"150\" src=\"https:\/\/denicey.com\/wp-content\/uploads\/2021\/05\/vitraux-joel-mone-150x150.jpg\" class=\"attachment-thumbnail size-thumbnail\" alt=\"Vitraux de Jo\u00ebl M\u00f4me\" aria-describedby=\"gallery-1-833\" \/><\/a>\n\t\t\t<\/div>\n\t\t\t\t<figcaption class='wp-caption-text gallery-caption' id='gallery-1-833'>\n\t\t\t\tSainted glasses of Church Saint Martin \u00e0 Romilly sur Seine\n\t\t\t\t<\/figcaption><\/figure><figure class='gallery-item'>\n\t\t\t<div class='gallery-icon landscape'>\n\t\t\t\t<a href='https:\/\/denicey.com\/wp-content\/uploads\/2021\/05\/ESB-Bobinoirs-scaled.jpg'><img decoding=\"async\" width=\"150\" height=\"150\" src=\"https:\/\/denicey.com\/wp-content\/uploads\/2021\/05\/ESB-Bobinoirs-150x150.jpg\" class=\"attachment-thumbnail size-thumbnail\" alt=\"L&#039;Espace Vivant de la Bonneterie\" aria-describedby=\"gallery-1-835\" \/><\/a>\n\t\t\t<\/div>\n\t\t\t\t<figcaption class='wp-caption-text gallery-caption' id='gallery-1-835'>\n\t\t\t\tLIving Space of hosiery\n\t\t\t\t<\/figcaption><\/figure><figure class='gallery-item'>\n\t\t\t<div class='gallery-icon landscape'>\n\t\t\t\t<a href='https:\/\/denicey.com\/wp-content\/uploads\/2021\/05\/Chateau-Motte-Tilly.jpg'><img decoding=\"async\" width=\"150\" height=\"150\" src=\"https:\/\/denicey.com\/wp-content\/uploads\/2021\/05\/Chateau-Motte-Tilly-150x150.jpg\" class=\"attachment-thumbnail size-thumbnail\" alt=\"Chateau de la Motte Tilly\" aria-describedby=\"gallery-1-831\" \/><\/a>\n\t\t\t<\/div>\n\t\t\t\t<figcaption class='wp-caption-text gallery-caption' id='gallery-1-831'>\n\t\t\t\tChateau de la Motte Tilly\n\t\t\t\t<\/figcaption><\/figure><figure class='gallery-item'>\n\t\t\t<div class='gallery-icon portrait'>\n\t\t\t\t<a href='https:\/\/denicey.com\/wp-content\/uploads\/2021\/05\/Camille-Claudel.jpg'><img loading=\"lazy\" decoding=\"async\" width=\"150\" height=\"150\" src=\"https:\/\/denicey.com\/wp-content\/uploads\/2021\/05\/Camille-Claudel-150x150.jpg\" class=\"attachment-thumbnail size-thumbnail\" alt=\"Mus\u00e9e Camille Claudel\" aria-describedby=\"gallery-1-829\" \/><\/a>\n\t\t\t<\/div>\n\t\t\t\t<figcaption class='wp-caption-text gallery-caption' id='gallery-1-829'>\n\t\t\t\tMuseum of Camille Claudel \n\t\t\t\t<\/figcaption><\/figure><figure class='gallery-item'>\n\t\t\t<div class='gallery-icon landscape'>\n\t\t\t\t<a href='https:\/\/denicey.com\/wp-content\/uploads\/2021\/05\/Provins-ville-medievale.jpg'><img loading=\"lazy\" decoding=\"async\" width=\"150\" height=\"150\" src=\"https:\/\/denicey.com\/wp-content\/uploads\/2021\/05\/Provins-ville-medievale-150x150.jpg\" class=\"attachment-thumbnail size-thumbnail\" alt=\"Provins, la Guerri\u00e8re\" aria-describedby=\"gallery-1-837\" \/><\/a>\n\t\t\t<\/div>\n\t\t\t\t<figcaption class='wp-caption-text gallery-caption' id='gallery-1-837'>\n\t\t\t\tProvins\n\t\t\t\t<\/figcaption><\/figure><figure class='gallery-item'>\n\t\t\t<div class='gallery-icon landscape'>\n\t\t\t\t<a href='https:\/\/denicey.com\/wp-content\/uploads\/2021\/05\/Troyes.jpg'><img loading=\"lazy\" decoding=\"async\" width=\"150\" height=\"150\" src=\"https:\/\/denicey.com\/wp-content\/uploads\/2021\/05\/Troyes-150x150.jpg\" class=\"attachment-thumbnail size-thumbnail\" alt=\"Troyes, la flamboyante\" aria-describedby=\"gallery-1-839\" \/><\/a>\n\t\t\t<\/div>\n\t\t\t\t<figcaption class='wp-caption-text gallery-caption' id='gallery-1-839'>\n\t\t\t\tTroyes\n\t\t\t\t<\/figcaption><\/figure>\n\t\t<\/div>\n\n<p>In <span style=\"color: #3366ff;\"><a style=\"color: #3366ff;\" href=\"https:\/\/www.ville-romilly-sur-seine.fr\/\" target=\"_blank\" rel=\"noopener\">Romilly sur Seine<\/a><\/span>&#8230;<\/p>\n<p>Visit\u00a0 the church <span style=\"color: #3366ff;\"><a style=\"color: #3366ff;\" href=\"https:\/\/www.aube-champagne.com\/fr\/poi\/eglise-saint-martin-de-romilly-sur-seine\/\" target=\"_blank\" rel=\"noopener\"> Saint Martin\u00a0 with this stained glasses<\/a><\/span> of <span style=\"color: #3366ff;\"><a style=\"color: #3366ff;\" href=\"https:\/\/www.facebook.com\/pg\/joelmoneartiste\/posts\/\" target=\"_blank\" rel=\"noopener\">Jo\u00ebl M\u00f4me<\/a><\/span>, colour and lightness&#8230;.<\/p>\n<p>Surnamed the\u00a0 &#8220;Socks&#8221;, the town was the center of hosiery, with the trade Olympia socks et le Coq Sportif, always in Romilly sur Seine.<br \/>\nWith &#8216;<span style=\"color: #3366ff;\"><a style=\"color: #3366ff;\" href=\"https:\/\/www.romillypatrimoine.com\/\" target=\"_blank\" rel=\"noopener\">Espace Vivant de la Bonneterie<\/a><\/span>, you will learn all tings about making socks from the the starter of industrialisation with the first hosiery until the last innovation.<\/p>\n<p><span style=\"color: #3366ff;\"><a style=\"color: #3366ff;\" href=\"https:\/\/tourisme-nogentais.fr\/fr\" target=\"_blank\" rel=\"noopener\">Nogent sur Seine<\/a><\/span> and la Motte Tilly,<br \/>\nWalk in the street of Nogent-sur-Seine &#8220;<span style=\"color: #3366ff;\">On the <a style=\"color: #3366ff;\" href=\"https:\/\/tourisme-nogentais.fr\/fr\/decouvrir\/arts-et-patrimoine\/parcours-visites-accompagnees\/608142-parcours-sur-les-pas-de-gustave-flaubert\" target=\"_blank\" rel=\"noopener\">steps of Flaubert<\/a><\/span>&#8221; until to arrive to\u00a0 <a href=\"http:\/\/www.museecamilleclaudel.com\/\" target=\"_blank\" rel=\"noopener\"><span style=\"color: #3366ff;\">Mus\u00e9e Camille Claudel<\/span><\/a>. A beautiful mus\u00e9e who show the life of Camille Claudel through their sculpturs.<br \/>\nEnjoy to make a short cut to\u00a0 <span style=\"color: #3366ff;\"><a style=\"color: #3366ff;\" href=\"http:\/\/www.chateau-la-motte-tilly.fr\/#\" target=\"_blank\" rel=\"noopener\">Ch\u00e2teau de la Motte Tilly<\/a><\/span>, a marvellous castle of la Marquise du Maill\u00e9. This place is so rich of history and beautiful furnitures. Enjoy to have a visit with the guide who are telling you the story&#8230;<\/p>\n<p><span style=\"color: #3366ff;\"><a style=\"color: #3366ff;\" href=\"https:\/\/www.troyeslachampagne.com\/sortez\/visitez\/\" target=\"_blank\" rel=\"noopener\">Troyes<\/a><\/span> and <span style=\"color: #3366ff;\"><a style=\"color: #3366ff;\" href=\"https:\/\/www.provins.net\/\" target=\"_blank\" rel=\"noopener\">Provins<\/a>.<\/span>..<br \/>\nTake oppoprtunities to visit this 2 medieval town only at 30mn from the The Nicey h\u00f4tel in Romilly-sur-Seine&#8230;.Troyes and Provins (Unesco World Heritage). Take time to walk in small street to discover their stories Prenez le temps de vous perdre dans leurs petites ruelles pour d\u00e9couvrir leurs histoires.<\/p>\n<p>&nbsp;<\/p>\n<h3 style=\"text-align: center;\">Our winegrower of Coteaux du S\u00e9zannais,<br \/>\nOn the Champagne road&#8230;<\/h3>\n<figure id=\"attachment_849\" aria-describedby=\"caption-attachment-849\" style=\"width: 300px\" class=\"wp-caption aligncenter\"><img loading=\"lazy\" decoding=\"async\" class=\"size-medium wp-image-850\" src=\"https:\/\/denicey.com\/wp-content\/uploads\/2021\/05\/Paysage-Fontaine-Denis-300x201.jpg\" alt=\"La Champagne et ses viticulteurs\" width=\"300\" height=\"201\" srcset=\"https:\/\/denicey.com\/wp-content\/uploads\/2021\/05\/Paysage-Fontaine-Denis-300x201.jpg 300w, https:\/\/denicey.com\/wp-content\/uploads\/2021\/05\/Paysage-Fontaine-Denis.jpg 500w\" sizes=\"(max-width: 300px) 100vw, 300px\" \/><figcaption id=\"caption-attachment-849\" class=\"wp-caption-text\">D\u00e9couvrez ses hommes et leurs secrets qui font le Champagne.<\/figcaption><\/figure>\n<p>Near the vineyard of the Sezannais, discover our local Champagne winegrower to visit them and share their secrets and to buy some good bottles of Champagne !<br \/>\nThere are good address of Laurence&#8230;If you wish to meet them, take an appointement with them or ask to Laurence, she will organize your visit or your delivery in the Nicey &#8211; hotel spa, lounge, coworking.<\/p>\n<p style=\"text-align: left;\"><span style=\"color: #3366ff;\"><a style=\"color: #3366ff;\" href=\"https:\/\/www.champagne-marcoult.com\/\" target=\"_blank\" rel=\"noopener\">Le Champagne Michel Marcoult \u00e0 Barbonne Fayel<\/a><\/span><br \/>\n<span style=\"color: #3366ff;\"><a style=\"color: #3366ff;\" href=\"http:\/\/www.domaine-collet-champagne.fr\/\" target=\"_blank\" rel=\"noopener\">Domaine Collet \u00e0 Fonaine Denis<\/a><\/span><br \/>\n<span style=\"color: #3366ff;\"><a style=\"color: #3366ff;\" href=\"https:\/\/www.champagne-marie-copinet.com\/\" target=\"_blank\" rel=\"noopener\">Le Champagne Marie Copinet \u00e0 Villenauxe la Grande<\/a><\/span><br \/>\n<a href=\"https:\/\/www.champagne-delong-marlene.com\/\" target=\"_blank\" rel=\"noopener\"><span style=\"color: #3366ff;\">Le Champagne Delong Marl\u00e8ne \u00e0 Allemant<\/span><\/a><br \/>\n<a href=\"https:\/\/www.champagne-bertrand-doyard.fr\/\" target=\"_blank\" rel=\"noopener\"><span style=\"color: #3366ff;\">Le Champagne Bertrand Doyard \u00e0 Vindey<\/span><\/a><br \/>\n<span style=\"color: #3366ff;\"><a style=\"color: #3366ff;\" href=\"https:\/\/champagne-barrat-masson.com\/\" target=\"_blank\" rel=\"noopener\">Le Champagne Barrat Masson \u00e0 Villenauxe la Grande<\/a><\/span><br \/>\n<a href=\"http:\/\/www.esatdesezanne.sitew.fr\/Le_champagne.B.htm\" target=\"_blank\" rel=\"noopener\"><span style=\"color: #3366ff;\">Le Champagne De La Roye<\/span><\/a> in S\u00e9zanne et bien d&#8217;autres \u00e0 d\u00e9couvrir &#8230;<\/p>\n<h3 style=\"text-align: center;\">Our cycling ride<\/h3>\n<div id='gallery-2' class='gallery galleryid-858 gallery-columns-2 gallery-size-medium'><figure class='gallery-item'>\n\t\t\t<div class='gallery-icon portrait'>\n\t\t\t\t<a href='https:\/\/denicey.com\/wp-content\/uploads\/2022\/07\/DSC_0918-scaled.jpg'><img loading=\"lazy\" decoding=\"async\" width=\"199\" height=\"300\" src=\"https:\/\/denicey.com\/wp-content\/uploads\/2022\/07\/DSC_0918-199x300.jpg\" class=\"attachment-medium size-medium\" alt=\"\" aria-describedby=\"gallery-2-2480\" srcset=\"https:\/\/denicey.com\/wp-content\/uploads\/2022\/07\/DSC_0918-199x300.jpg 199w, https:\/\/denicey.com\/wp-content\/uploads\/2022\/07\/DSC_0918-681x1024.jpg 681w, https:\/\/denicey.com\/wp-content\/uploads\/2022\/07\/DSC_0918-768x1155.jpg 768w, https:\/\/denicey.com\/wp-content\/uploads\/2022\/07\/DSC_0918-1021x1536.jpg 1021w, https:\/\/denicey.com\/wp-content\/uploads\/2022\/07\/DSC_0918-1362x2048.jpg 1362w, https:\/\/denicey.com\/wp-content\/uploads\/2022\/07\/DSC_0918-scaled.jpg 1702w\" sizes=\"(max-width: 199px) 100vw, 199px\" \/><\/a>\n\t\t\t<\/div>\n\t\t\t\t<figcaption class='wp-caption-text gallery-caption' id='gallery-2-2480'>\n\t\t\t\tOn prends un peu le frais \u00e0 travers la for\u00eat de la Traconne \n\t\t\t\t<\/figcaption><\/figure><figure class='gallery-item'>\n\t\t\t<div class='gallery-icon landscape'>\n\t\t\t\t<a href='https:\/\/denicey.com\/wp-content\/uploads\/2022\/07\/DSC_0961-scaled.jpg'><img loading=\"lazy\" decoding=\"async\" width=\"300\" height=\"199\" src=\"https:\/\/denicey.com\/wp-content\/uploads\/2022\/07\/DSC_0961-300x199.jpg\" class=\"attachment-medium size-medium\" alt=\"\" aria-describedby=\"gallery-2-2482\" srcset=\"https:\/\/denicey.com\/wp-content\/uploads\/2022\/07\/DSC_0961-300x199.jpg 300w, https:\/\/denicey.com\/wp-content\/uploads\/2022\/07\/DSC_0961-1024x681.jpg 1024w, https:\/\/denicey.com\/wp-content\/uploads\/2022\/07\/DSC_0961-768x511.jpg 768w, https:\/\/denicey.com\/wp-content\/uploads\/2022\/07\/DSC_0961-1536x1021.jpg 1536w, https:\/\/denicey.com\/wp-content\/uploads\/2022\/07\/DSC_0961-2048x1362.jpg 2048w\" sizes=\"(max-width: 300px) 100vw, 300px\" \/><\/a>\n\t\t\t<\/div>\n\t\t\t\t<figcaption class='wp-caption-text gallery-caption' id='gallery-2-2482'>\n\t\t\t\tVous aurez de belles surprises en circulant sur la v\u00e9lovoie reliant Marcilly sur Seine \u00e0 Troyes \n\t\t\t\t<\/figcaption><\/figure><figure class='gallery-item'>\n\t\t\t<div class='gallery-icon landscape'>\n\t\t\t\t<a href='https:\/\/denicey.com\/wp-content\/uploads\/2022\/07\/balade-canal-hte-seine-scaled.jpg'><img loading=\"lazy\" decoding=\"async\" width=\"300\" height=\"199\" src=\"https:\/\/denicey.com\/wp-content\/uploads\/2022\/07\/balade-canal-hte-seine-300x199.jpg\" class=\"attachment-medium size-medium\" alt=\"\" aria-describedby=\"gallery-2-2477\" srcset=\"https:\/\/denicey.com\/wp-content\/uploads\/2022\/07\/balade-canal-hte-seine-300x199.jpg 300w, https:\/\/denicey.com\/wp-content\/uploads\/2022\/07\/balade-canal-hte-seine-1024x681.jpg 1024w, https:\/\/denicey.com\/wp-content\/uploads\/2022\/07\/balade-canal-hte-seine-768x511.jpg 768w, https:\/\/denicey.com\/wp-content\/uploads\/2022\/07\/balade-canal-hte-seine-1536x1021.jpg 1536w, https:\/\/denicey.com\/wp-content\/uploads\/2022\/07\/balade-canal-hte-seine-2048x1362.jpg 2048w\" sizes=\"(max-width: 300px) 100vw, 300px\" \/><\/a>\n\t\t\t<\/div>\n\t\t\t\t<figcaption class='wp-caption-text gallery-caption' id='gallery-2-2477'>\n\t\t\t\tD\u00e9couvrir la Champagne, c\u00f4t\u00e9 Seine \u00e0 v\u00e9lo entre vignoble, for\u00eat et canal de la Haute Seine\n\t\t\t\t<\/figcaption><\/figure><figure class='gallery-item'>\n\t\t\t<div class='gallery-icon landscape'>\n\t\t\t\t<a href='https:\/\/denicey.com\/wp-content\/uploads\/2022\/07\/DSC01570-scaled.jpg'><img loading=\"lazy\" decoding=\"async\" width=\"300\" height=\"201\" src=\"https:\/\/denicey.com\/wp-content\/uploads\/2022\/07\/DSC01570-300x201.jpg\" class=\"attachment-medium size-medium\" alt=\"\" aria-describedby=\"gallery-2-2484\" srcset=\"https:\/\/denicey.com\/wp-content\/uploads\/2022\/07\/DSC01570-300x201.jpg 300w, https:\/\/denicey.com\/wp-content\/uploads\/2022\/07\/DSC01570-1024x685.jpg 1024w, https:\/\/denicey.com\/wp-content\/uploads\/2022\/07\/DSC01570-768x514.jpg 768w, https:\/\/denicey.com\/wp-content\/uploads\/2022\/07\/DSC01570-1536x1028.jpg 1536w, https:\/\/denicey.com\/wp-content\/uploads\/2022\/07\/DSC01570-2048x1371.jpg 2048w\" sizes=\"(max-width: 300px) 100vw, 300px\" \/><\/a>\n\t\t\t<\/div>\n\t\t\t\t<figcaption class='wp-caption-text gallery-caption' id='gallery-2-2484'>\n\t\t\t\tPaysage de champagne \n\t\t\t\t<\/figcaption><\/figure>\n\t\t<\/div>\n\n<p>&nbsp;<\/p>\n<p style=\"text-align: center;\">Take time to discover slowly the Champagne district, near the river Seine during a cycling ride&#8230;.<\/p>\n<p style=\"text-align: center;\">Through the vineyards of Champagne, the forest of La Traconne or the v\u00e9lovoie of the Canal of Haute Seine, enjoyed to stop and have breath of champagne !<\/p>\n<p style=\"text-align: center;\">Laurence will enjoyed to share with you her cycling ride or to create your own ride as you expected !<\/p>\n<p style=\"text-align: center;\">See you soon, for new discoveries&#8230;.<\/p>\n","protected":false},"excerpt":{"rendered":"<p>Champagne, near the river Seine&#8230; to discover by cycling, horse riding, on water or in walking All occasions are good to discover the Champagne, near the riverr Seine and our home, profesionnal or come to visit the Champagne district with friends or with your love ! Winegrower and their champagne, heritage, events&#8230;come and breath la [&hellip;]<\/p>\n","protected":false},"author":2,"featured_media":0,"parent":1091,"menu_order":0,"comment_status":"closed","ping_status":"closed","template":"","meta":{"footnotes":""},"class_list":["post-858","page","type-page","status-publish","hentry"],"yoast_head":"<!-- This site is optimized with the Yoast SEO plugin v27.5 - https:\/\/yoast.com\/product\/yoast-seo-wordpress\/ -->\n<title>La Champagne, near the river Seine - Denicey<\/title>\n<meta name=\"robots\" content=\"index, follow, max-snippet:-1, max-image-preview:large, max-video-preview:-1\" \/>\n<link rel=\"canonical\" href=\"https:\/\/denicey.com\/en\/hotel\/la-champagne\/\" \/>\n<meta property=\"og:locale\" content=\"en_US\" \/>\n<meta property=\"og:type\" content=\"article\" \/>\n<meta property=\"og:title\" content=\"La Champagne, near the river Seine - Denicey\" \/>\n<meta property=\"og:description\" content=\"Champagne, near the river Seine&#8230; to discover by cycling, horse riding, on water or in walking All occasions are good to discover the Champagne, near the riverr Seine and our home, profesionnal or come to visit the Champagne district with friends or with your love ! Winegrower and their champagne, heritage, events&#8230;come and breath la [&hellip;]\" \/>\n<meta property=\"og:url\" content=\"https:\/\/denicey.com\/en\/hotel\/la-champagne\/\" \/>\n<meta property=\"og:site_name\" content=\"Denicey\" \/>\n<meta property=\"article:publisher\" content=\"https:\/\/www.facebook.com\/auberge.nicey\" \/>\n<meta property=\"article:modified_time\" content=\"2022-07-17T14:23:57+00:00\" \/>\n<meta property=\"og:image\" content=\"https:\/\/denicey.com\/wp-content\/uploads\/2021\/05\/vitraux-joel-mone-150x150.jpg\" \/>\n<meta name=\"twitter:card\" content=\"summary_large_image\" \/>\n<meta name=\"twitter:label1\" content=\"Est. reading time\" \/>\n\t<meta name=\"twitter:data1\" content=\"4 minutes\" \/>\n<script type=\"application\/ld+json\" class=\"yoast-schema-graph\">{\"@context\":\"https:\\\/\\\/schema.org\",\"@graph\":[{\"@type\":\"WebPage\",\"@id\":\"https:\\\/\\\/denicey.com\\\/en\\\/hotel\\\/la-champagne\\\/\",\"url\":\"https:\\\/\\\/denicey.com\\\/en\\\/hotel\\\/la-champagne\\\/\",\"name\":\"La Champagne, near the river Seine - Denicey\",\"isPartOf\":{\"@id\":\"https:\\\/\\\/denicey.com\\\/en\\\/#website\"},\"primaryImageOfPage\":{\"@id\":\"https:\\\/\\\/denicey.com\\\/en\\\/hotel\\\/la-champagne\\\/#primaryimage\"},\"image\":{\"@id\":\"https:\\\/\\\/denicey.com\\\/en\\\/hotel\\\/la-champagne\\\/#primaryimage\"},\"thumbnailUrl\":\"https:\\\/\\\/denicey.com\\\/wp-content\\\/uploads\\\/2021\\\/05\\\/Paysage-Fontaine-Denis-300x201.jpg\",\"datePublished\":\"2021-05-02T18:29:08+00:00\",\"dateModified\":\"2022-07-17T14:23:57+00:00\",\"breadcrumb\":{\"@id\":\"https:\\\/\\\/denicey.com\\\/en\\\/hotel\\\/la-champagne\\\/#breadcrumb\"},\"inLanguage\":\"en-US\",\"potentialAction\":[{\"@type\":\"ReadAction\",\"target\":[\"https:\\\/\\\/denicey.com\\\/en\\\/hotel\\\/la-champagne\\\/\"]}]},{\"@type\":\"ImageObject\",\"inLanguage\":\"en-US\",\"@id\":\"https:\\\/\\\/denicey.com\\\/en\\\/hotel\\\/la-champagne\\\/#primaryimage\",\"url\":\"https:\\\/\\\/denicey.com\\\/wp-content\\\/uploads\\\/2021\\\/05\\\/Paysage-Fontaine-Denis-300x201.jpg\",\"contentUrl\":\"https:\\\/\\\/denicey.com\\\/wp-content\\\/uploads\\\/2021\\\/05\\\/Paysage-Fontaine-Denis-300x201.jpg\"},{\"@type\":\"BreadcrumbList\",\"@id\":\"https:\\\/\\\/denicey.com\\\/en\\\/hotel\\\/la-champagne\\\/#breadcrumb\",\"itemListElement\":[{\"@type\":\"ListItem\",\"position\":1,\"name\":\"Accueil\",\"item\":\"https:\\\/\\\/denicey.com\\\/en\\\/\"},{\"@type\":\"ListItem\",\"position\":2,\"name\":\"Hotel\",\"item\":\"https:\\\/\\\/denicey.com\\\/en\\\/hotel\\\/\"},{\"@type\":\"ListItem\",\"position\":3,\"name\":\"La Champagne, near the river Seine\"}]},{\"@type\":\"WebSite\",\"@id\":\"https:\\\/\\\/denicey.com\\\/en\\\/#website\",\"url\":\"https:\\\/\\\/denicey.com\\\/en\\\/\",\"name\":\"Nicey\",\"description\":\"Hotel Spa Lounge Coworking Nicey\",\"publisher\":{\"@id\":\"https:\\\/\\\/denicey.com\\\/en\\\/#organization\"},\"potentialAction\":[{\"@type\":\"SearchAction\",\"target\":{\"@type\":\"EntryPoint\",\"urlTemplate\":\"https:\\\/\\\/denicey.com\\\/en\\\/?s={search_term_string}\"},\"query-input\":{\"@type\":\"PropertyValueSpecification\",\"valueRequired\":true,\"valueName\":\"search_term_string\"}}],\"inLanguage\":\"en-US\"},{\"@type\":\"Organization\",\"@id\":\"https:\\\/\\\/denicey.com\\\/en\\\/#organization\",\"name\":\"Nicey\",\"url\":\"https:\\\/\\\/denicey.com\\\/en\\\/\",\"logo\":{\"@type\":\"ImageObject\",\"inLanguage\":\"en-US\",\"@id\":\"https:\\\/\\\/denicey.com\\\/en\\\/#\\\/schema\\\/logo\\\/image\\\/\",\"url\":\"http:\\\/\\\/denicey.com\\\/wp-content\\\/uploads\\\/2020\\\/11\\\/Logo-signature_RVB.png\",\"contentUrl\":\"http:\\\/\\\/denicey.com\\\/wp-content\\\/uploads\\\/2020\\\/11\\\/Logo-signature_RVB.png\",\"width\":2267,\"height\":775,\"caption\":\"Nicey\"},\"image\":{\"@id\":\"https:\\\/\\\/denicey.com\\\/en\\\/#\\\/schema\\\/logo\\\/image\\\/\"},\"sameAs\":[\"https:\\\/\\\/www.facebook.com\\\/auberge.nicey\"]}]}<\/script>\n<!-- \/ Yoast SEO plugin. -->","yoast_head_json":{"title":"La Champagne, near the river Seine - Denicey","robots":{"index":"index","follow":"follow","max-snippet":"max-snippet:-1","max-image-preview":"max-image-preview:large","max-video-preview":"max-video-preview:-1"},"canonical":"https:\/\/denicey.com\/en\/hotel\/la-champagne\/","og_locale":"en_US","og_type":"article","og_title":"La Champagne, near the river Seine - Denicey","og_description":"Champagne, near the river Seine&#8230; to discover by cycling, horse riding, on water or in walking All occasions are good to discover the Champagne, near the riverr Seine and our home, profesionnal or come to visit the Champagne district with friends or with your love ! Winegrower and their champagne, heritage, events&#8230;come and breath la [&hellip;]","og_url":"https:\/\/denicey.com\/en\/hotel\/la-champagne\/","og_site_name":"Denicey","article_publisher":"https:\/\/www.facebook.com\/auberge.nicey","article_modified_time":"2022-07-17T14:23:57+00:00","og_image":[{"url":"https:\/\/denicey.com\/wp-content\/uploads\/2021\/05\/vitraux-joel-mone-150x150.jpg","type":"","width":"","height":""}],"twitter_card":"summary_large_image","twitter_misc":{"Est. reading time":"4 minutes"},"schema":{"@context":"https:\/\/schema.org","@graph":[{"@type":"WebPage","@id":"https:\/\/denicey.com\/en\/hotel\/la-champagne\/","url":"https:\/\/denicey.com\/en\/hotel\/la-champagne\/","name":"La Champagne, near the river Seine - Denicey","isPartOf":{"@id":"https:\/\/denicey.com\/en\/#website"},"primaryImageOfPage":{"@id":"https:\/\/denicey.com\/en\/hotel\/la-champagne\/#primaryimage"},"image":{"@id":"https:\/\/denicey.com\/en\/hotel\/la-champagne\/#primaryimage"},"thumbnailUrl":"https:\/\/denicey.com\/wp-content\/uploads\/2021\/05\/Paysage-Fontaine-Denis-300x201.jpg","datePublished":"2021-05-02T18:29:08+00:00","dateModified":"2022-07-17T14:23:57+00:00","breadcrumb":{"@id":"https:\/\/denicey.com\/en\/hotel\/la-champagne\/#breadcrumb"},"inLanguage":"en-US","potentialAction":[{"@type":"ReadAction","target":["https:\/\/denicey.com\/en\/hotel\/la-champagne\/"]}]},{"@type":"ImageObject","inLanguage":"en-US","@id":"https:\/\/denicey.com\/en\/hotel\/la-champagne\/#primaryimage","url":"https:\/\/denicey.com\/wp-content\/uploads\/2021\/05\/Paysage-Fontaine-Denis-300x201.jpg","contentUrl":"https:\/\/denicey.com\/wp-content\/uploads\/2021\/05\/Paysage-Fontaine-Denis-300x201.jpg"},{"@type":"BreadcrumbList","@id":"https:\/\/denicey.com\/en\/hotel\/la-champagne\/#breadcrumb","itemListElement":[{"@type":"ListItem","position":1,"name":"Accueil","item":"https:\/\/denicey.com\/en\/"},{"@type":"ListItem","position":2,"name":"Hotel","item":"https:\/\/denicey.com\/en\/hotel\/"},{"@type":"ListItem","position":3,"name":"La Champagne, near the river Seine"}]},{"@type":"WebSite","@id":"https:\/\/denicey.com\/en\/#website","url":"https:\/\/denicey.com\/en\/","name":"Nicey","description":"Hotel Spa Lounge Coworking Nicey","publisher":{"@id":"https:\/\/denicey.com\/en\/#organization"},"potentialAction":[{"@type":"SearchAction","target":{"@type":"EntryPoint","urlTemplate":"https:\/\/denicey.com\/en\/?s={search_term_string}"},"query-input":{"@type":"PropertyValueSpecification","valueRequired":true,"valueName":"search_term_string"}}],"inLanguage":"en-US"},{"@type":"Organization","@id":"https:\/\/denicey.com\/en\/#organization","name":"Nicey","url":"https:\/\/denicey.com\/en\/","logo":{"@type":"ImageObject","inLanguage":"en-US","@id":"https:\/\/denicey.com\/en\/#\/schema\/logo\/image\/","url":"http:\/\/denicey.com\/wp-content\/uploads\/2020\/11\/Logo-signature_RVB.png","contentUrl":"http:\/\/denicey.com\/wp-content\/uploads\/2020\/11\/Logo-signature_RVB.png","width":2267,"height":775,"caption":"Nicey"},"image":{"@id":"https:\/\/denicey.com\/en\/#\/schema\/logo\/image\/"},"sameAs":["https:\/\/www.facebook.com\/auberge.nicey"]}]}},"_links":{"self":[{"href":"https:\/\/denicey.com\/en\/wp-json\/wp\/v2\/pages\/858","targetHints":{"allow":["GET"]}}],"collection":[{"href":"https:\/\/denicey.com\/en\/wp-json\/wp\/v2\/pages"}],"about":[{"href":"https:\/\/denicey.com\/en\/wp-json\/wp\/v2\/types\/page"}],"author":[{"embeddable":true,"href":"https:\/\/denicey.com\/en\/wp-json\/wp\/v2\/users\/2"}],"replies":[{"embeddable":true,"href":"https:\/\/denicey.com\/en\/wp-json\/wp\/v2\/comments?post=858"}],"version-history":[{"count":0,"href":"https:\/\/denicey.com\/en\/wp-json\/wp\/v2\/pages\/858\/revisions"}],"up":[{"embeddable":true,"href":"https:\/\/denicey.com\/en\/wp-json\/wp\/v2\/pages\/1091"}],"wp:attachment":[{"href":"https:\/\/denicey.com\/en\/wp-json\/wp\/v2\/media?parent=858"}],"curies":[{"name":"wp","href":"https:\/\/api.w.org\/{rel}","templated":true}]}}