{"id":974,"date":"2021-05-17T10:29:34","date_gmt":"2021-05-17T08:29:34","guid":{"rendered":"http:\/\/denicey.com\/?page_id=974"},"modified":"2021-05-17T10:29:34","modified_gmt":"2021-05-17T08:29:34","slug":"legal-information","status":"publish","type":"page","link":"https:\/\/denicey.com\/en\/legal-information\/","title":{"rendered":"Legal Information"},"content":{"rendered":"<p><strong>Publication manager :\u00a0<\/strong>Laurence FERY<\/p>\n<p><strong>Data collection :\u00a0<\/strong>Laurence FERY<\/p>\n<p><strong>L\u2019Auberge De Nicey<\/strong><br \/>\n24, rue Carnot<br \/>\n10100 Romilly sur Seine<br \/>\ntel : +33 (0)3 25 24 10 07<br \/>\nfax : +33 (0)3 25 24 47 01<\/p>\n<p>SIRET : 34803719300011<br \/>\nNAF : 5510Z<\/p>\n<p>&nbsp;<\/p>\n<p><strong>Politique de confidentialit\u00e9 et traitement de vos donn\u00e9es personnelles<\/strong><\/p>\n<p>A compter du vendredi 25 mai 2018, afin de mieux prot\u00e9ger les citoyens europ\u00e9ens des potentielles d\u00e9rives des traitements informatiques des donn\u00e9es personnelles et faire face \u00e0 une cybercriminalit\u00e9 croissante, un r\u00e8glement europ\u00e9en est applicable dans les 28 pays de l\u2019UE. Son nom : le r\u00e8glement g\u00e9n\u00e9ral sur la protection des donn\u00e9es personnelles, (RGPD)<\/p>\n<p>Les informations recueillies sur ce formulaire sont enregistr\u00e9es dans un fichier informatis\u00e9 par\u00a0<strong>L\u2019Auberge de Nicey\u00a0<\/strong>pour\u00a0<strong>La gestion de notre client\u00e8le ( fid\u00e9lisation et recherche de prospects\u2026)<\/strong><\/p>\n<p>Elles sont conserv\u00e9es pendant<strong>\u00a03 ans \u00e0 compter de la fin de la relation contractuelle\u00a0<\/strong>et sont destin\u00e9es<strong>\u00a0au service marketing et au service commercial<\/strong><\/p>\n<p>Conform\u00e9ment \u00e0 la\u00a0<a href=\"https:\/\/www.cnil.fr\/fr\/loi-78-17-du-6-janvier-1978-modifiee\">loi \u00ab informatique et libert\u00e9s \u00bb<\/a>, vous pouvez exercer votre droit d\u2019acc\u00e8s aux donn\u00e9es vous concernant et les faire rectifier en contactant :\u00a0<strong>Laurence FERY<br \/>\n24 Rue Canot<br \/>\n10100 ROMILLY SUR SEINE<br \/>\n<\/strong><a href=\"mailto:contact@denicey.com\">contact@denicey.com<\/a><strong><br \/>\nT 0325241007<\/strong><\/p>\n<p>Nous vous informons de l\u2019existence de la liste d\u2019opposition au d\u00e9marchage t\u00e9l\u00e9phonique \u00ab Bloctel \u00bb, sur laquelle vous pouvez vous inscrire ici :\u00a0<a href=\"https:\/\/conso.bloctel.fr\/\">https:\/\/conso.bloctel.fr\/<\/a><\/p>\n<p>&nbsp;<\/p>\n<p><strong>Host :<\/strong><br \/>\nAgence Web FB Digital<br \/>\nhttps:\/\/fb.digital<\/p>\n","protected":false},"excerpt":{"rendered":"<p>Publication manager :\u00a0Laurence FERY Data collection :\u00a0Laurence FERY L\u2019Auberge De Nicey 24, rue Carnot 10100 Romilly sur Seine tel : +33 (0)3 25 24 10 07 fax : +33 (0)3 25 24 47 01 SIRET : 34803719300011 NAF : 5510Z &nbsp; Politique de confidentialit\u00e9 et traitement de vos donn\u00e9es personnelles A compter du vendredi 25 [&hellip;]<\/p>\n","protected":false},"author":1,"featured_media":0,"parent":0,"menu_order":0,"comment_status":"closed","ping_status":"closed","template":"","meta":{"footnotes":""},"class_list":["post-974","page","type-page","status-publish","hentry"],"yoast_head":"<!-- This site is optimized with the Yoast SEO plugin v27.5 - https:\/\/yoast.com\/product\/yoast-seo-wordpress\/ -->\n<title>Legal Information - Denicey<\/title>\n<meta name=\"robots\" content=\"index, follow, max-snippet:-1, max-image-preview:large, max-video-preview:-1\" \/>\n<link rel=\"canonical\" href=\"https:\/\/denicey.com\/en\/legal-information\/\" \/>\n<meta property=\"og:locale\" content=\"en_US\" \/>\n<meta property=\"og:type\" content=\"article\" \/>\n<meta property=\"og:title\" content=\"Legal Information - Denicey\" \/>\n<meta property=\"og:description\" content=\"Publication manager :\u00a0Laurence FERY Data collection :\u00a0Laurence FERY L\u2019Auberge De Nicey 24, rue Carnot 10100 Romilly sur Seine tel : +33 (0)3 25 24 10 07 fax : +33 (0)3 25 24 47 01 SIRET : 34803719300011 NAF : 5510Z &nbsp; Politique de confidentialit\u00e9 et traitement de vos donn\u00e9es personnelles A compter du vendredi 25 [&hellip;]\" \/>\n<meta property=\"og:url\" content=\"https:\/\/denicey.com\/en\/legal-information\/\" \/>\n<meta property=\"og:site_name\" content=\"Denicey\" \/>\n<meta property=\"article:publisher\" content=\"https:\/\/www.facebook.com\/auberge.nicey\" \/>\n<meta name=\"twitter:card\" content=\"summary_large_image\" \/>\n<meta name=\"twitter:label1\" content=\"Est. reading time\" \/>\n\t<meta name=\"twitter:data1\" content=\"1 minute\" \/>\n<script type=\"application\/ld+json\" class=\"yoast-schema-graph\">{\"@context\":\"https:\\\/\\\/schema.org\",\"@graph\":[{\"@type\":\"WebPage\",\"@id\":\"https:\\\/\\\/denicey.com\\\/en\\\/legal-information\\\/\",\"url\":\"https:\\\/\\\/denicey.com\\\/en\\\/legal-information\\\/\",\"name\":\"Legal Information - Denicey\",\"isPartOf\":{\"@id\":\"https:\\\/\\\/denicey.com\\\/en\\\/#website\"},\"datePublished\":\"2021-05-17T08:29:34+00:00\",\"breadcrumb\":{\"@id\":\"https:\\\/\\\/denicey.com\\\/en\\\/legal-information\\\/#breadcrumb\"},\"inLanguage\":\"en-US\",\"potentialAction\":[{\"@type\":\"ReadAction\",\"target\":[\"https:\\\/\\\/denicey.com\\\/en\\\/legal-information\\\/\"]}]},{\"@type\":\"BreadcrumbList\",\"@id\":\"https:\\\/\\\/denicey.com\\\/en\\\/legal-information\\\/#breadcrumb\",\"itemListElement\":[{\"@type\":\"ListItem\",\"position\":1,\"name\":\"Accueil\",\"item\":\"https:\\\/\\\/denicey.com\\\/en\\\/\"},{\"@type\":\"ListItem\",\"position\":2,\"name\":\"Legal Information\"}]},{\"@type\":\"WebSite\",\"@id\":\"https:\\\/\\\/denicey.com\\\/en\\\/#website\",\"url\":\"https:\\\/\\\/denicey.com\\\/en\\\/\",\"name\":\"Nicey\",\"description\":\"Hotel Spa Lounge Coworking Nicey\",\"publisher\":{\"@id\":\"https:\\\/\\\/denicey.com\\\/en\\\/#organization\"},\"potentialAction\":[{\"@type\":\"SearchAction\",\"target\":{\"@type\":\"EntryPoint\",\"urlTemplate\":\"https:\\\/\\\/denicey.com\\\/en\\\/?s={search_term_string}\"},\"query-input\":{\"@type\":\"PropertyValueSpecification\",\"valueRequired\":true,\"valueName\":\"search_term_string\"}}],\"inLanguage\":\"en-US\"},{\"@type\":\"Organization\",\"@id\":\"https:\\\/\\\/denicey.com\\\/en\\\/#organization\",\"name\":\"Nicey\",\"url\":\"https:\\\/\\\/denicey.com\\\/en\\\/\",\"logo\":{\"@type\":\"ImageObject\",\"inLanguage\":\"en-US\",\"@id\":\"https:\\\/\\\/denicey.com\\\/en\\\/#\\\/schema\\\/logo\\\/image\\\/\",\"url\":\"http:\\\/\\\/denicey.com\\\/wp-content\\\/uploads\\\/2020\\\/11\\\/Logo-signature_RVB.png\",\"contentUrl\":\"http:\\\/\\\/denicey.com\\\/wp-content\\\/uploads\\\/2020\\\/11\\\/Logo-signature_RVB.png\",\"width\":2267,\"height\":775,\"caption\":\"Nicey\"},\"image\":{\"@id\":\"https:\\\/\\\/denicey.com\\\/en\\\/#\\\/schema\\\/logo\\\/image\\\/\"},\"sameAs\":[\"https:\\\/\\\/www.facebook.com\\\/auberge.nicey\"]}]}<\/script>\n<!-- \/ Yoast SEO plugin. -->","yoast_head_json":{"title":"Legal Information - Denicey","robots":{"index":"index","follow":"follow","max-snippet":"max-snippet:-1","max-image-preview":"max-image-preview:large","max-video-preview":"max-video-preview:-1"},"canonical":"https:\/\/denicey.com\/en\/legal-information\/","og_locale":"en_US","og_type":"article","og_title":"Legal Information - Denicey","og_description":"Publication manager :\u00a0Laurence FERY Data collection :\u00a0Laurence FERY L\u2019Auberge De Nicey 24, rue Carnot 10100 Romilly sur Seine tel : +33 (0)3 25 24 10 07 fax : +33 (0)3 25 24 47 01 SIRET : 34803719300011 NAF : 5510Z &nbsp; Politique de confidentialit\u00e9 et traitement de vos donn\u00e9es personnelles A compter du vendredi 25 [&hellip;]","og_url":"https:\/\/denicey.com\/en\/legal-information\/","og_site_name":"Denicey","article_publisher":"https:\/\/www.facebook.com\/auberge.nicey","twitter_card":"summary_large_image","twitter_misc":{"Est. reading time":"1 minute"},"schema":{"@context":"https:\/\/schema.org","@graph":[{"@type":"WebPage","@id":"https:\/\/denicey.com\/en\/legal-information\/","url":"https:\/\/denicey.com\/en\/legal-information\/","name":"Legal Information - Denicey","isPartOf":{"@id":"https:\/\/denicey.com\/en\/#website"},"datePublished":"2021-05-17T08:29:34+00:00","breadcrumb":{"@id":"https:\/\/denicey.com\/en\/legal-information\/#breadcrumb"},"inLanguage":"en-US","potentialAction":[{"@type":"ReadAction","target":["https:\/\/denicey.com\/en\/legal-information\/"]}]},{"@type":"BreadcrumbList","@id":"https:\/\/denicey.com\/en\/legal-information\/#breadcrumb","itemListElement":[{"@type":"ListItem","position":1,"name":"Accueil","item":"https:\/\/denicey.com\/en\/"},{"@type":"ListItem","position":2,"name":"Legal Information"}]},{"@type":"WebSite","@id":"https:\/\/denicey.com\/en\/#website","url":"https:\/\/denicey.com\/en\/","name":"Nicey","description":"Hotel Spa Lounge Coworking Nicey","publisher":{"@id":"https:\/\/denicey.com\/en\/#organization"},"potentialAction":[{"@type":"SearchAction","target":{"@type":"EntryPoint","urlTemplate":"https:\/\/denicey.com\/en\/?s={search_term_string}"},"query-input":{"@type":"PropertyValueSpecification","valueRequired":true,"valueName":"search_term_string"}}],"inLanguage":"en-US"},{"@type":"Organization","@id":"https:\/\/denicey.com\/en\/#organization","name":"Nicey","url":"https:\/\/denicey.com\/en\/","logo":{"@type":"ImageObject","inLanguage":"en-US","@id":"https:\/\/denicey.com\/en\/#\/schema\/logo\/image\/","url":"http:\/\/denicey.com\/wp-content\/uploads\/2020\/11\/Logo-signature_RVB.png","contentUrl":"http:\/\/denicey.com\/wp-content\/uploads\/2020\/11\/Logo-signature_RVB.png","width":2267,"height":775,"caption":"Nicey"},"image":{"@id":"https:\/\/denicey.com\/en\/#\/schema\/logo\/image\/"},"sameAs":["https:\/\/www.facebook.com\/auberge.nicey"]}]}},"_links":{"self":[{"href":"https:\/\/denicey.com\/en\/wp-json\/wp\/v2\/pages\/974","targetHints":{"allow":["GET"]}}],"collection":[{"href":"https:\/\/denicey.com\/en\/wp-json\/wp\/v2\/pages"}],"about":[{"href":"https:\/\/denicey.com\/en\/wp-json\/wp\/v2\/types\/page"}],"author":[{"embeddable":true,"href":"https:\/\/denicey.com\/en\/wp-json\/wp\/v2\/users\/1"}],"replies":[{"embeddable":true,"href":"https:\/\/denicey.com\/en\/wp-json\/wp\/v2\/comments?post=974"}],"version-history":[{"count":0,"href":"https:\/\/denicey.com\/en\/wp-json\/wp\/v2\/pages\/974\/revisions"}],"wp:attachment":[{"href":"https:\/\/denicey.com\/en\/wp-json\/wp\/v2\/media?parent=974"}],"curies":[{"name":"wp","href":"https:\/\/api.w.org\/{rel}","templated":true}]}}